{"id":29,"date":"2017-05-12T16:56:34","date_gmt":"2017-05-12T16:56:34","guid":{"rendered":"http:\/\/vollwertferien.de\/?page_id=29"},"modified":"2024-10-01T12:47:22","modified_gmt":"2024-10-01T11:47:22","slug":"preise","status":"publish","type":"page","link":"https:\/\/vollwertferien.de\/?page_id=29","title":{"rendered":"Preise"},"content":{"rendered":"<p align=\"left\"><b><span style=\"font-size: x-large;\">Aktivit\u00e4ten und Preisinformation<\/span><\/b><\/p>\n<p><strong>Die sch\u00f6nsten Vollwert- Ferien im S\u00fcden Frankreichs<\/strong><\/p>\n<p style=\"text-align: left;\">Haben Sie Ihren Urlaub f\u00fcr dieses Jahr schon geplant ? Bieten Sie sich und Ihrer Familie mal was Besonderes ! Fahren Sie in den S\u00fcdwesten Frankreichs, abseits vom Massentourismus finden Sie vor der Bergwelt der Pyren\u00e4en in einem Vollwert-Landhotel Ihre Ruhe und neue Kraft. Gleichzeitig lernen Sie gemeinsam mit der ganzen Familie die Vollwertk\u00fcche in Theorie und Praxis kennen. Sie werden auf den vielen bunten M\u00e4rkten f\u00fcr unsere K\u00fcche Einkaufen gehen. Eine Wanderung in die herrliche Bergwelt der Pyren\u00e4en, eine Besichtigung des Wallfahrtsortes Lourdes, Baden im hausnahen See oder im Pool, Saunieren in unserer Blockhaussauna und viele weitere Aktivit\u00e4ten und Sehensw\u00fcrdigkeiten runden das Programm ab.<\/p>\n<p style=\"text-align: left;\">F\u00fcr Gruppen oder Vereine bieten wir mehr als Urlaub. Sie k\u00f6nnen bei rechtzeitiger Abstimmung das Landhaus exklusiv mit einem Rahmenprogramm buchen. Weitere Freizeitaktivit\u00e4ten sind m\u00f6glich und werden mit Ihnen vor Ort abgestimmt. Lernen Sie in einer herrlichen Landschaft, der s\u00fcdlichen Gascogne die Vorz\u00fcge einer gesunden Ern\u00e4hrung und Lebensweise kennen. Also, alleine oder mit Familie, Sie werden auf Ihre Kosten kommen. Bitte buchen Sie rechtzeitig !<\/p>\n<p style=\"text-align: left;\"><i>Wir freuen uns auf Ihre Ferien<\/i><\/p>\n<p style=\"text-align: left;\"><strong>Aktuelle Preisliste :<\/strong><\/p>\n<table style=\"height: 1622px;\" width=\"1120\">\n<tbody>\n<tr>\n<td><strong>Zimmer Namen<\/strong><\/td>\n<td><strong>Gr\u00f6\u00dfe in m\u00b2<\/strong><\/td>\n<td><strong>Belegbar bis Personen<\/strong><\/td>\n<td><strong>Preis pro Tag je Person in \u20ac *<\/strong><\/td>\n<\/tr>\n<tr>\n<td><strong>EICHE<\/strong><\/td>\n<td>25<\/td>\n<td>2 &#8211; 3<\/td>\n<td><b>39,00 \u20ac<\/b><\/td>\n<\/tr>\n<tr>\n<td><strong>BUCHE<\/strong><\/td>\n<td>25<\/td>\n<td>2 &#8211; 3<\/td>\n<td><b>39,00 \u20ac<\/b><\/td>\n<\/tr>\n<tr>\n<td><strong>LINDE<\/strong><\/td>\n<td>28<\/td>\n<td>2 &#8211; 3<\/td>\n<td><b>39,00 \u20ac<\/b><\/td>\n<\/tr>\n<tr>\n<td><strong>KASTANIE<\/strong><\/td>\n<td>15<\/td>\n<td>1 &#8211; 2<\/td>\n<td><b>36,00 \u20ac<\/b><\/td>\n<\/tr>\n<tr>\n<td><strong>AHORN<\/strong><\/td>\n<td>25<\/td>\n<td>2<\/td>\n<td><b>44,00 \u20ac<\/b><\/td>\n<\/tr>\n<tr>\n<td><strong>+ Ah\u00f6rnchen<\/strong><\/td>\n<td>20<\/td>\n<td>4<\/td>\n<td><b>22,00 \u20ac<\/b><\/td>\n<\/tr>\n<tr>\n<td><strong>ESCHE<\/strong><\/td>\n<td>27<\/td>\n<td>2 &#8211; 5<\/td>\n<td><b>39,00 \u20ac<\/b><\/td>\n<\/tr>\n<tr>\n<td><strong>PINIE<\/strong><\/td>\n<td>27<\/td>\n<td>2 &#8211; 3<\/td>\n<td><b>39,00 \u20ac<\/b><\/td>\n<\/tr>\n<tr>\n<td><strong>ERLE<\/strong><\/td>\n<td>15<\/td>\n<td>1 &#8211; 2<\/td>\n<td><b>36,00 \u20ac<\/b><\/td>\n<\/tr>\n<tr>\n<td><strong>L\u00c4RCHE<\/strong><\/td>\n<td>15<\/td>\n<td>1 &#8211; 2<\/td>\n<td><b>36,00 \u20ac<\/b><\/td>\n<\/tr>\n<tr>\n<td><strong>AKAZIE<\/strong><\/td>\n<td>65<\/td>\n<td>2 &#8211; 6<\/td>\n<td><b> 49<\/b><b>,00 \u20ac<\/b><\/td>\n<\/tr>\n<tr>\n<td colspan=\"4\"><\/td>\n<\/tr>\n<tr>\n<td colspan=\"3\"><strong>Fr\u00fchst\u00fccksb\u00fcfett <u>vitalstoffreich<\/u>, vollwertig, <u>vegetarisch\/vegan<\/u> (Erwachsene)<\/strong><\/td>\n<td><b> 16,00 \u20ac<\/b><\/td>\n<\/tr>\n<tr>\n<td colspan=\"3\"><b>Fr\u00fchst\u00fccksb\u00fcfett f\u00fcr Kinder<\/b><\/td>\n<td><b>\u00a010,00 \u20ac<\/b><\/td>\n<\/tr>\n<tr>\n<td colspan=\"3\"><b>Endreinigung je Zimmer \/ Familie<\/b><b>\u00a0<\/b><\/td>\n<td><b>90,00 \u20ac<\/b><\/td>\n<\/tr>\n<tr>\n<td colspan=\"3\"><strong>Buchungen unter einer Woche je Zimmer<\/strong><\/td>\n<td><strong>15,00 \u20ac<\/strong><\/td>\n<\/tr>\n<tr>\n<td colspan=\"4\"><strong>Kinder im Zimmer der Eltern nach Belegung und Absprache.<\/strong><\/td>\n<\/tr>\n<tr>\n<td colspan=\"3\"><strong>Waschmaschine (je Maschine)<\/strong><\/td>\n<td><strong>3,00 \u20ac<\/strong><\/td>\n<\/tr>\n<tr>\n<td colspan=\"3\"><strong>Saunanutzung (Holzofen) je Person<\/strong><\/td>\n<td><strong>10,00 \u20ac<\/strong><\/td>\n<\/tr>\n<tr>\n<td colspan=\"3\"><b>Flughafen- oder Bahnhof Transfer holen + bringen<\/b><\/td>\n<td><b>90,00 \u20ac<\/b><\/td>\n<\/tr>\n<\/tbody>\n<\/table>\n<p>Wir bitten um Ihr Verst\u00e4ndnis, dass derzeit kein Abendessen zubereiten. Auch wir brauchen eine Auszeit f\u00fcr neue Kr\u00e4fte zu sammeln.<br \/>\nDie K\u00fcche und der Au\u00dfengrill stehen Ihnen zur Verf\u00fcgung,\u00a0f\u00fcr die Nutzung (Gas, Oel, Gew\u00fcrze ..)\u00a0berechnen wir je EW Pers. nur 10 \u20ac<br \/>\n<b><\/b><\/p>\n<p><b><strong>Getr\u00e4nke, Lunchpakete, Kuchen und sonstige umweltfreundliche Produkte finden Sie in unserem Bioladen.<\/strong><\/b><\/p>\n<p><strong>Wie buche ich meine Vollwert-Ferien?<\/strong><\/p>\n<p>Die sch\u00f6nste Zeit im Jahr ist der Urlaub und der muss \u00a0sorgsam geplant sein. Sie m\u00f6chten unsere G\u00e4ste sein? Wir wollen uns ebenso rechtzeitig auf Sie vorbereiten. Bitte mailen oder rufen\u00a0Sie uns\u00a0an und Sie sagen uns Ihre W\u00fcnsche. Sind wir uns einig, erhalten Sie eine Buchungsbest\u00e4tigung und zahlen dann bitte 10 % der Buchungssumme auf unser Konto, die wir aus verst\u00e4ndlichen Gr\u00fcnden einbehalten, falls Sie Ihren Urlaub wieder annullieren sollten. Die Restsumme zahlen Sie bitte\u00a0 4-Wochen vor Reiseantritt. Es liegt in Ihrem Ermessen ggf. eine private Reiser\u00fccktrittsversicherung abzuschlie\u00dfen.<\/p>\n<ul>\n<li>W\u00fcnschen Sie in Ihrem Urlaub Auskunft \u00fcber eine gesunde Ern\u00e4hrung und Lebensweise<\/li>\n<li>m\u00f6chten\u00a0 Sie der Hausfrau in die T\u00f6pfe schauen oder sogar mithelfen??<\/li>\n<li>Gerne freuen wir uns auch \u00fcber Praktikantinnen f\u00fcr Haus und Garten.<\/li>\n<li>W\u00fcnschen Sie Vortr\u00e4ge oder Einzelgespr\u00e4che \u00fcber eine gesunde Ern\u00e4hrung und Lebensweise?<\/li>\n<li>Wir bieten Ihnen regelm\u00e4\u00dfig oder nach Abstimmung Seminare in YOGA und Meditation auch f\u00fcr Gruppen an.<\/li>\n<li>M\u00f6chten Sie eine F\u00fchrung durch die Bergwelt der Pyren\u00e4en oder auf den Spuren von Jakobus (Jakobsweg) nach Santiago de Compostella wandern?<\/li>\n<li>W\u00fcnschen Sie weitere gemeinsame sportliche Aktivit\u00e4ten?<\/li>\n<li>Gerne nehmen wir auch Ihr Seminar-Angebote bei uns mit auf. Somit k\u00f6nnen wir unseren Ferieng\u00e4sten im Urlaub noch mehr interessante Aktivit\u00e4ten anbieten.<\/li>\n<\/ul>\n<p>Wir w\u00fcnschen Ihnen sch\u00f6ne aktive Vollwert-Ferien.<\/p>\n<p><strong>Weitere kostenlose Informationen:<\/strong><\/p>\n<p>Telefon Frankreich : 00 33 \/ 5.61.88.36.48<\/p>\n<ul>\n<li>\u00a0<a href=\"http:\/\/vollwertferien.de\/wp-content\/uploads\/2017\/05\/Prospekt-A4-2017.pdf\" target=\"_blank\" rel=\"noopener noreferrer\">Hier das Hausprospekt als PDF herunter landen<\/a><\/li>\n<\/ul>\n<p><a href=\"mailto:grabowski@vollwertferien.de?subject=Urlaubsanfrage aus dem Internet\"><img loading=\"lazy\" id=\"_x0000_i1026\" src=\"data:image\/png;base64,R0lGODlhZQBZAPcAAAAAAAAAAAAAAAAAADMAADMzADMzMzMzZjNmZmYAAGYzM2ZmM2ZmZmZmmWaZmZkzAJkzM5lmM5lmZpmZZpmZmZmZzJnMzMDAwMwzAMyZZsyZmczMmczMzP\/MzP\/\/zP\/\/\/wAAAAAAAAAAAAAAAAAAAAAAAAAAAAAAAAAAAAAAAAAAAAAAAAAAAAAAAAAAAAAAAAAAAAAAAAAAAAAAAAAAAAAAAAAAAAAAAAAAAAAAAAAAAAAAAAAAAAAAAAAAAAAAAAAAAAAAAAAAAAAAAAAAAAAAAAAAAAAAAAAAAAAAAAAAAAAAAAAAAAAAAAAAAAAAAAAAAAAAAAAAAAAAAAAAAAAAAAAAAAAAAAAAAAAAAAAAAAAAAAAAAAAAAAAAAAAAAAAAAAAAAAAAAAAAAAAAAAAAAAAAAAAAAAAAAAAAAAAAAAAAAAAAAAAAAAAAAAAAAAAAAAAAAAAAAAAAAAAAAAAAAAAAAAAAAAAAAAAAAAAAAAAAAAAAAAAAAAAAAAAAAAAAAAAAAAAAAAAAAAAAAAAAAAAAAAAAAAAAAAAAAAAAAAAAAAAAAAAAAAAAAAAAAAAAAAAAAAAAAAAAAAAAAAAAAAAAAAAAAAAAAAAAAAAAAAAAAAAAAAAAAAAAAAAAAAAAAAAAAAAAAAAAAAAAAAAAAAAAAAAAAAAAAAAAAAAAAAAAAAAAAAAAAAAAAAAAAAAAAAAAAAAAAAAAAAAAAAAAAAAAAAAAAAAAAAAAAAAAAAAAAAAAAAAAAAAAAAAAAAAAAAAAAAAAAAAAAAAAAAAAAAAAAAAAAAAAAAAAAAAAAAAAAAAAAAAAAAAAAAAAAAAAAAAAAAAAAAAAAAAAAAAAAAAAAAAAAAAAAAAAAAAAAAAAAAAAAAAAAAAAAAAAAAAAAAAAAAAAAAAAAAAAAAAAAAAAAAAAAAAAAAAAAAAAAAAAAAAAAAAAAAAAAAAAAAAAAAAAAAAAAAAAAAAAAAAAAAAAAAAAAAAAAAAAAAAAAAAAAAAAAAAAAAAAAAAAACH5BAEAABcALAAAAABlAFkAAAj+AC8IHEiwoMGDCBMqXGgQgMOHDCNKnEixIsKHGDM6tMixo8eEDhM8SEBA48aPKFNWdPgAg0uXIwmUBKCypk2QAFq+3PkA4s2fN1nuHOoT6EKTGI1eEDr0ZVGlBZFKPamSaVMMM6ESnMpV40ehD8LqdJlVa1epDAxwXZmz51SzZ6Vy+MCBQtq1R9viNRqX69wPgOnaVfv2oF6ZSKFmPMDgbl8AfwNLrutY6sDDGLQ2fEjBgufPFRwcOGtAsmnTlAkjxdCTgOaonD\/L\/kzhLIPTuFEPzsgaQNnXDx3MHm6hdtfIuZMDpgygdwKTigEYIE6cQVcKyrNLbt4zgWroQQH+VKBOvGtp7dq5A1CwvELljFUBHCBP3PhU5Ohxq2d\/moP77yk5NB59w31nEnb5Jbefdhw8xZF81FEgoYSNVYiWBADclmBuC2pXgYOGTWXAiAY+9hADHoy4YW4G9AZBftZRJZCJXJFIIgMS5JgjBRv02GOKAKyIW4vPTZCgals5ZOOIOOooAY8+\/ujBlFRWaeWVVGIo5GlEAmBkfg3KqCSWZJZpppkYVrClZF1+mZ9xSQJw5px0klmbmmsC1uaKhCW5QZ2A1rlBhnnqicFzCCYYpp9kRulooGYOqmGeChwqnpC1JSkBmSWaSMCSoEpX6AeVPodffjRdliGZMdL42Hn+lFp6KnpLqWoAmROIOmpytY0qgaxbfqiqnFgOGuSuuTU46gSW5pnqUg6RGeZfFFIwq5DKFsrsc3kawCiWDuFnl3QMWLtmg9fmt+2xW9Y6o5ecApCoboQZUG66+uG5JgXNrinsu5tiqYC82TH3kAHmJjfXpXlq0Ju+KzZoK5kYwqrdbgcnnBp2BDeMFaFrPusQAXbqumFdnYL8gb2FdkAYxHwO26hDhY6rJHIsF+ofvtp5+y4Af4IL2a51cTkpsmv6\/C4FZIaL9Gl2PZ2nu9AGfKVa80pNgcVSb2idqihiaV3WT2\/d9ZZfv3srlhWfDZjZbnstcrTFmtw1B1zHnV3+pj\/PzO7deeut3NxAN\/1314ELzuGwE8TLc7eKo6ppvGSPanO5FTyu97PQrn0lhpUrx8HopI\/+gc3SaWRvwpEDxvnIuLqK1I3lTtgYiRgxmbngrzvkpJOtzj4iAu8paW\/tEyavvF23f7c6zLv2buKAnlXQwGjGN7b89twv37xqq2s+eJwgwtbZf7kzWWH37Ldve1ojkkvB7htyzlb8r4JaIfKOre7++\/BjEusU5BHZGVB+\/\/NeAO1Fv+3w5YC504j2Esi+\/UlITfZ7DfmQooEMiEh9FFReYwaiFg1axCEa0IDqUka75FXIRl4xYUdQqIESzUgtKeuKDOOTAQ0sIIb+ISrMDm3ikAloIFfwGaISN2NEFT5kYEuM4lYWkELCRCACMpLiEAFARR8CoABXLIkWo8jFFGKIAFcsQAbHqEHppNCJV\/whG5XoxhQ65IpYnOMWDfDGgeFRjHo0IQ01gCEFXBGKgRTkG3NlyCuuMZF8eaMK0ehISLaxiTWkZAQAaUnFYPKHeERkJ5XipUUCAI95HCUpu2hHVD5SlQFipQYK0MhNwlIpslRALUV5S5vw8Y0S0GQqe2kTBUgyA8J8JTE58ss3nvKPyySiJGuISgVEsyYFmOYCUDnMaxZwmhOoZTe92ZFpakCcriEnSqYpzgioc52S5KY73wnPI3KTnvUGtOc8gRIQADs=\" alt=\"HH01580A.gif (1311 Byte)\" width=\"61\" height=\"58\" align=\"middle\" border=\"0\" \/><\/a>\u00a0\u00a0\u00a0 E-Mail Adresse : <a href=\"mailto:grabowski@vollwertferien.de?subject=Urlaubsanfrage aus dem Internet\">Grabowski@vollwertferien.de<\/a><br \/>\n<a href=\"http:\/\/www.veggie-hotels.de\/\"><img src=\"http:\/\/www.veggie-hotels.de\/index.php?rex_resize=171w__logo_veggie-hotels_de_q_1000.png\" border=\"0\" \/><\/a><\/p>\n","protected":false},"excerpt":{"rendered":"<p>Aktivit\u00e4ten und Preisinformation Die sch\u00f6nsten Vollwert- Ferien im S\u00fcden Frankreichs Haben Sie Ihren Urlaub f\u00fcr dieses Jahr schon geplant ? Bieten Sie sich und Ihrer Familie mal was Besonderes ! Fahren Sie in den S\u00fcdwesten Frankreichs, abseits vom Massentourismus finden Sie vor der Bergwelt der Pyren\u00e4en in einem Vollwert-Landhotel Ihre Ruhe und neue Kraft. Gleichzeitig [&hellip;]<\/p>\n","protected":false},"author":1,"featured_media":0,"parent":0,"menu_order":0,"comment_status":"closed","ping_status":"closed","template":"","meta":[],"_links":{"self":[{"href":"https:\/\/vollwertferien.de\/index.php?rest_route=\/wp\/v2\/pages\/29"}],"collection":[{"href":"https:\/\/vollwertferien.de\/index.php?rest_route=\/wp\/v2\/pages"}],"about":[{"href":"https:\/\/vollwertferien.de\/index.php?rest_route=\/wp\/v2\/types\/page"}],"author":[{"embeddable":true,"href":"https:\/\/vollwertferien.de\/index.php?rest_route=\/wp\/v2\/users\/1"}],"replies":[{"embeddable":true,"href":"https:\/\/vollwertferien.de\/index.php?rest_route=%2Fwp%2Fv2%2Fcomments&post=29"}],"version-history":[{"count":14,"href":"https:\/\/vollwertferien.de\/index.php?rest_route=\/wp\/v2\/pages\/29\/revisions"}],"predecessor-version":[{"id":357,"href":"https:\/\/vollwertferien.de\/index.php?rest_route=\/wp\/v2\/pages\/29\/revisions\/357"}],"wp:attachment":[{"href":"https:\/\/vollwertferien.de\/index.php?rest_route=%2Fwp%2Fv2%2Fmedia&parent=29"}],"curies":[{"name":"wp","href":"https:\/\/api.w.org\/{rel}","templated":true}]}}